{"id":112,"date":"2021-01-24T18:11:58","date_gmt":"2021-01-24T18:11:58","guid":{"rendered":"http:\/\/www.datakapteeni.fi\/wp\/?page_id=112"},"modified":"2021-02-24T10:50:14","modified_gmt":"2021-02-24T10:50:14","slug":"etusivu","status":"publish","type":"page","link":"https:\/\/datakapteeni.fi\/wp\/","title":{"rendered":"Etusivu"},"content":{"rendered":"<h2>Etusivu<\/h2>\n<p>DataKapteeni on syyskuussa 2019 perustettu monialayritys jonka varsinainen toiminta alkoi vuoden 2020 alussa. Vaikka yrityksen varsinainen toimiala onkin dataan ja sen k\u00e4sittelyyn liittyv\u00e4t yksityisille ja yritysille suunnatut palvelut, taipuu nopea oppija moneen muuhunkin. Taikasana on projetiluonteisuus ja sen puitteissa l\u00e4hes mik\u00e4 tahansa, ainakin tietokoneen \u00e4\u00e4ress\u00e4, onnistuu. Ota rohkeasti yhteytt\u00e4 ongelmasi kanssa ja katsotaan mit\u00e4 voidaan tehd\u00e4!<\/p>\n","protected":false},"excerpt":{"rendered":"<p>Etusivu DataKapteeni on syyskuussa 2019 perustettu monialayritys jonka varsinainen toiminta alkoi vuoden 2020 alussa. Vaikka yrityksen varsinainen toimiala onkin dataan ja sen k\u00e4sittelyyn liittyv\u00e4t yksityisille ja yritysille suunnatut palvelut, taipuu nopea oppija moneen muuhunkin. Taikasana on projetiluonteisuus ja sen puitteissa l\u00e4hes mik\u00e4 tahansa, ainakin tietokoneen \u00e4\u00e4ress\u00e4, onnistuu. Ota rohkeasti yhteytt\u00e4 ongelmasi kanssa ja katsotaan mit\u00e4&hellip; <a class=\"more-link\" href=\"https:\/\/datakapteeni.fi\/wp\/\">Jatka lukemista <span class=\"screen-reader-text\">Etusivu<\/span><\/a><\/p>\n","protected":false},"author":1,"featured_media":0,"parent":0,"menu_order":0,"comment_status":"closed","ping_status":"closed","template":"elementor_header_footer","meta":{"footnotes":""},"class_list":["post-112","page","type-page","status-publish","hentry","entry"],"_links":{"self":[{"href":"https:\/\/datakapteeni.fi\/wp\/index.php?rest_route=\/wp\/v2\/pages\/112","targetHints":{"allow":["GET"]}}],"collection":[{"href":"https:\/\/datakapteeni.fi\/wp\/index.php?rest_route=\/wp\/v2\/pages"}],"about":[{"href":"https:\/\/datakapteeni.fi\/wp\/index.php?rest_route=\/wp\/v2\/types\/page"}],"author":[{"embeddable":true,"href":"https:\/\/datakapteeni.fi\/wp\/index.php?rest_route=\/wp\/v2\/users\/1"}],"replies":[{"embeddable":true,"href":"https:\/\/datakapteeni.fi\/wp\/index.php?rest_route=%2Fwp%2Fv2%2Fcomments&post=112"}],"version-history":[{"count":28,"href":"https:\/\/datakapteeni.fi\/wp\/index.php?rest_route=\/wp\/v2\/pages\/112\/revisions"}],"predecessor-version":[{"id":306,"href":"https:\/\/datakapteeni.fi\/wp\/index.php?rest_route=\/wp\/v2\/pages\/112\/revisions\/306"}],"wp:attachment":[{"href":"https:\/\/datakapteeni.fi\/wp\/index.php?rest_route=%2Fwp%2Fv2%2Fmedia&parent=112"}],"curies":[{"name":"wp","href":"https:\/\/api.w.org\/{rel}","templated":true}]}}