{"id":249,"date":"2021-01-24T19:43:06","date_gmt":"2021-01-24T19:43:06","guid":{"rendered":"http:\/\/www.datakapteeni.fi\/wp\/?page_id=249"},"modified":"2021-01-24T20:29:35","modified_gmt":"2021-01-24T20:29:35","slug":"palvelut","status":"publish","type":"page","link":"https:\/\/datakapteeni.fi\/wp\/?page_id=249","title":{"rendered":"Palvelut"},"content":{"rendered":"<p><img decoding=\"async\" width=\"100\" height=\"100\" src=\"https:\/\/datakapteeni.fi\/wp\/wp-content\/uploads\/2021\/01\/dataprocessing.png\" alt=\"\" loading=\"lazy\" style=\"width:100%;height:100%;max-width:100px;\" \/>\t\t\t\t\t\t\t\t\t\t\t<\/p>\n<h3>Datan k\u00e4sittely<\/h3>\n<p>\u2013 tiedon tallennus haluttuun formaattiin<br \/>\u2013 j\u00e4senrekisterit, tuoterekisterit, kyselyt yms.<br \/>\u2013 skannaukset A4 kokoon saakka, muunnos tekstimuotoon<br \/>\u2013 rakenteettoman tiedon muuttaminen rakenteelliseksi<br \/>\u2013 useiden erilaisten tietorakenteiden yhdist\u00e4minen<br \/>\u2013 tiedon t\u00e4ydent\u00e4minen eri l\u00e4hteist\u00e4<br \/>\u2013 tiedon muodon muutokset<\/p>\n<p>\t\t\t\t\t\t\t\t\t\t<img decoding=\"async\" width=\"100\" height=\"100\" src=\"https:\/\/datakapteeni.fi\/wp\/wp-content\/uploads\/2021\/01\/wordprocessing.png\" alt=\"\" loading=\"lazy\" style=\"width:100%;height:100%;max-width:100px;\" \/>\t\t\t\t\t\t\t\t\t\t\t<\/p>\n<h3>Tekstin k\u00e4sittely<\/h3>\n<p>\u2013 sanelupurku, puhtaaksikirjoitus<br \/>\u2013 asiakirjojen laadinta. Hakemukset, valitukset yms.<br \/>\u2013 asioiden k\u00e4sittely erilaisissa s\u00e4hk\u00f6isiss\u00e4 palveluissa<br \/>\u2013 tulostukset A4 kokoon<\/p>\n<p>\t\t\t\t\t\t\t\t\t\t<img decoding=\"async\" width=\"100\" height=\"100\" src=\"https:\/\/datakapteeni.fi\/wp\/wp-content\/uploads\/2021\/01\/office.png\" alt=\"\" loading=\"lazy\" style=\"width:100%;height:100%;max-width:100px;\" \/>\t\t\t\t\t\t\t\t\t\t\t<\/p>\n<h3>Toimistoty\u00f6t<\/h3>\n<p>\u2013 toimistoapu, sihteeriapu<br \/>\u2013 toimiston rutiinity\u00f6t<br \/>\u2013 arkistojen perkaus<br \/>\u2013 postin k\u00e4sittely<\/p>\n<p>\t\t\t\t\t\t\t\t\t\t<img decoding=\"async\" width=\"100\" height=\"100\" src=\"https:\/\/datakapteeni.fi\/wp\/wp-content\/uploads\/2021\/01\/support.png\" alt=\"\" loading=\"lazy\" style=\"width:100%;height:100%;max-width:100px;\" \/>\t\t\t\t\t\t\t\t\t\t\t<\/p>\n<h3>ATK-tuki<\/h3>\n<p>\u2013 k\u00e4ytt\u00f6j\u00e4rjestelm\u00e4t: Vianetsint\u00e4, korjaus, suunnittelu, hankinta, asennus, neuvonta<br \/>\u2013 toimitosovellukset: Vianetsint\u00e4, korjaus, suunnittelu, hankinta, asennus, neuvonta<br \/>\u2013 Rauta: Vianetsint\u00e4, korjaus, suunnittelu, hankinta, kokoonpano, neuvonta<br \/>\u2013 Pienet verkkoratkaisut: langattomat ja langalliset. Vianetsint\u00e4, korjaus, suunnittelu, hankinta, asennus, neuvonta<\/p>\n","protected":false},"excerpt":{"rendered":"<p>Datan k\u00e4sittely \u2013 tiedon tallennus haluttuun formaattiin\u2013 j\u00e4senrekisterit, tuoterekisterit, kyselyt yms.\u2013 skannaukset A4 kokoon saakka, muunnos tekstimuotoon\u2013 rakenteettoman tiedon muuttaminen rakenteelliseksi\u2013 useiden erilaisten tietorakenteiden yhdist\u00e4minen\u2013 tiedon t\u00e4ydent\u00e4minen eri l\u00e4hteist\u00e4\u2013 tiedon muodon muutokset Tekstin k\u00e4sittely \u2013 sanelupurku, puhtaaksikirjoitus\u2013 asiakirjojen laadinta. Hakemukset, valitukset yms.\u2013 asioiden k\u00e4sittely erilaisissa s\u00e4hk\u00f6isiss\u00e4 palveluissa\u2013 tulostukset A4 kokoon Toimistoty\u00f6t \u2013 toimistoapu, sihteeriapu\u2013 toimiston&hellip; <a class=\"more-link\" href=\"https:\/\/datakapteeni.fi\/wp\/?page_id=249\">Jatka lukemista <span class=\"screen-reader-text\">Palvelut<\/span><\/a><\/p>\n","protected":false},"author":1,"featured_media":0,"parent":0,"menu_order":0,"comment_status":"closed","ping_status":"closed","template":"elementor_header_footer","meta":{"footnotes":""},"class_list":["post-249","page","type-page","status-publish","hentry","entry"],"_links":{"self":[{"href":"https:\/\/datakapteeni.fi\/wp\/index.php?rest_route=\/wp\/v2\/pages\/249","targetHints":{"allow":["GET"]}}],"collection":[{"href":"https:\/\/datakapteeni.fi\/wp\/index.php?rest_route=\/wp\/v2\/pages"}],"about":[{"href":"https:\/\/datakapteeni.fi\/wp\/index.php?rest_route=\/wp\/v2\/types\/page"}],"author":[{"embeddable":true,"href":"https:\/\/datakapteeni.fi\/wp\/index.php?rest_route=\/wp\/v2\/users\/1"}],"replies":[{"embeddable":true,"href":"https:\/\/datakapteeni.fi\/wp\/index.php?rest_route=%2Fwp%2Fv2%2Fcomments&post=249"}],"version-history":[{"count":33,"href":"https:\/\/datakapteeni.fi\/wp\/index.php?rest_route=\/wp\/v2\/pages\/249\/revisions"}],"predecessor-version":[{"id":302,"href":"https:\/\/datakapteeni.fi\/wp\/index.php?rest_route=\/wp\/v2\/pages\/249\/revisions\/302"}],"wp:attachment":[{"href":"https:\/\/datakapteeni.fi\/wp\/index.php?rest_route=%2Fwp%2Fv2%2Fmedia&parent=249"}],"curies":[{"name":"wp","href":"https:\/\/api.w.org\/{rel}","templated":true}]}}